{"id":94,"date":"2016-06-13T11:12:11","date_gmt":"2016-06-13T17:12:11","guid":{"rendered":"http:\/\/productosarquitectonicosrola.com\/es\/?page_id=94"},"modified":"2023-10-29T18:05:18","modified_gmt":"2023-10-30T00:05:18","slug":"nosotros","status":"publish","type":"page","link":"https:\/\/productosarquitectonicosrola.com\/es\/nosotros\/","title":{"rendered":"Nosotros"},"content":{"rendered":"<p>[et_pb_section fb_built=\u00bb1&#8243; fullwidth=\u00bbon\u00bb admin_label=\u00bbSecci\u00f3n\u00bb _builder_version=\u00bb4.21.0&#8243; background_image=\u00bbhttp:\/\/productosarquitectonicosrola.com\/es\/wp-content\/uploads\/Fondo-header2.jpg\u00bb global_colors_info=\u00bb{}\u00bb][et_pb_fullwidth_header title=\u00bb@ET-DC@eyJkeW5hbWljIjp0cnVlLCJjb250ZW50IjoicG9zdF90aXRsZSIsInNldHRpbmdzIjp7ImJlZm9yZSI6IiIsImFmdGVyIjoiIn19@\u00bb text_orientation=\u00bbcenter\u00bb background_overlay_color=\u00bbRGBA(255,255,255,0)\u00bb content_max_width=\u00bbnone\u00bb admin_label=\u00bbT\u00edtulo de anchura completa\u00bb _builder_version=\u00bb4.21.0&#8243; _dynamic_attributes=\u00bbtitle\u00bb title_font_size=\u00bb45px\u00bb background_enable_color=\u00bboff\u00bb background_enable_image=\u00bboff\u00bb background_size=\u00bbinitial\u00bb background_repeat=\u00bbrepeat\u00bb custom_padding=\u00bb||||false|false\u00bb title_font_size_tablet=\u00bb40px\u00bb title_font_size_phone=\u00bb35px\u00bb title_font_size_last_edited=\u00bbon|phone\u00bb text_shadow_style=\u00bbpreset1&#8243; button_one_letter_spacing_hover=\u00bb0&#8243; button_two_letter_spacing_hover=\u00bb0&#8243; global_colors_info=\u00bb{}\u00bb button_one_text_size__hover_enabled=\u00bboff\u00bb button_two_text_size__hover_enabled=\u00bboff\u00bb button_one_text_color__hover_enabled=\u00bboff\u00bb button_two_text_color__hover_enabled=\u00bboff\u00bb button_one_border_width__hover_enabled=\u00bboff\u00bb button_two_border_width__hover_enabled=\u00bboff\u00bb button_one_border_color__hover_enabled=\u00bboff\u00bb button_two_border_color__hover_enabled=\u00bboff\u00bb button_one_border_radius__hover_enabled=\u00bboff\u00bb button_two_border_radius__hover_enabled=\u00bboff\u00bb button_one_letter_spacing__hover_enabled=\u00bbon\u00bb button_one_letter_spacing__hover=\u00bb0&#8243; button_two_letter_spacing__hover_enabled=\u00bbon\u00bb button_two_letter_spacing__hover=\u00bb0&#8243; button_one_bg_color__hover_enabled=\u00bboff\u00bb button_two_bg_color__hover_enabled=\u00bboff\u00bb][\/et_pb_fullwidth_header][\/et_pb_section][et_pb_section fb_built=\u00bb1&#8243; admin_label=\u00bbsection\u00bb _builder_version=\u00bb4.16&#8243; global_colors_info=\u00bb{}\u00bb][et_pb_row column_structure=\u00bb1_5,3_5,1_5&#8243; _builder_version=\u00bb4.16&#8243; _module_preset=\u00bbdefault\u00bb global_colors_info=\u00bb{}\u00bb][et_pb_column type=\u00bb1_5&#8243; _builder_version=\u00bb4.16&#8243; _module_preset=\u00bbdefault\u00bb global_colors_info=\u00bb{}\u00bb][\/et_pb_column][et_pb_column type=\u00bb3_5&#8243; _builder_version=\u00bb4.16&#8243; _module_preset=\u00bbdefault\u00bb global_colors_info=\u00bb{}\u00bb][et_pb_text _builder_version=\u00bb4.16&#8243; _module_preset=\u00bbdefault\u00bb global_colors_info=\u00bb{}\u00bb]<\/p>\n<p>ROLA es su <strong>mejor fuente de materiales decorativos<\/strong> para uso residencial y comercial. Nuestra amplia variedad de acabados y dise\u00f1os definitivamente lo ayudar\u00e1n a lograr el aspecto y la calidad deseados para su proyecto, sin importar cu\u00e1n particular sea.<\/p>\n<p>Trabajamos como <strong>contratista general<\/strong>, ofreciendo a nuestros clientes un servicio completo, que incluye la asesor\u00eda arquitect\u00f3nica, el suministro de materiales y la instalaci\u00f3n final.<\/p>\n<p>ROLA puede enriquecer la apariencia y la est\u00e9tica de su proyecto con <strong>pel\u00edculas para ventanas funcionales y decorativas, papeles pintados digitales, materiales de cuero, se\u00f1alizaci\u00f3n interna, soluciones para pisos<\/strong> y mucho m\u00e1s.<\/p>\n<p>El\u00edjanos y reciba el soporte de una empresa profesional capaz de brindar un servicio integral.<\/p>\n<p>[\/et_pb_text][\/et_pb_column][et_pb_column type=\u00bb1_5&#8243; _builder_version=\u00bb4.16&#8243; _module_preset=\u00bbdefault\u00bb global_colors_info=\u00bb{}\u00bb][\/et_pb_column][\/et_pb_row][et_pb_row column_structure=\u00bb1_2,1_2&#8243; admin_label=\u00bbrow\u00bb _builder_version=\u00bb4.16&#8243; background_size=\u00bbinitial\u00bb background_position=\u00bbtop_left\u00bb background_repeat=\u00bbrepeat\u00bb global_colors_info=\u00bb{}\u00bb][et_pb_column type=\u00bb1_2&#8243; _builder_version=\u00bb4.16&#8243; custom_padding=\u00bb|||\u00bb global_colors_info=\u00bb{}\u00bb custom_padding__hover=\u00bb|||\u00bb][et_pb_text admin_label=\u00bbTexto\u00bb _builder_version=\u00bb4.16&#8243; background_size=\u00bbinitial\u00bb background_position=\u00bbtop_left\u00bb background_repeat=\u00bbrepeat\u00bb use_border_color=\u00bboff\u00bb border_color=\u00bb#ffffff\u00bb border_style=\u00bbsolid\u00bb global_colors_info=\u00bb{}\u00bb]<\/p>\n<p>Dentro de nuestro portafolio de productos, trabajamos con las principales marcas de <strong>papel tapiz<\/strong> fabricado en USA, ofreciendo una amplia variedad de dise\u00f1os y texturas.<\/p>\n<p>Estos productos son com\u00fanmente utilizados y recomendados por dise\u00f1adores de interiores, arquitectos, contratistas, administradores de edificios, personal de instalaciones; quienes lo aplican principalmente en proyectos de <strong>hoteler\u00eda, centros m\u00e9dicos, oficinas, centros de llamadas, tiendas e instalaciones educativas<\/strong>. Tambi\u00e9n ofrecemos im\u00e1genes digitales y soluciones ac\u00fasticas, entre otras.<\/p>\n<p>Podemos ofrecer papel tapiz digital texturizado para proyectos 100% personalizados con impresi\u00f3n digital 100% de alta resoluci\u00f3n.<\/p>\n<p>[\/et_pb_text][\/et_pb_column][et_pb_column type=\u00bb1_2&#8243; _builder_version=\u00bb4.16&#8243; custom_padding=\u00bb|||\u00bb global_colors_info=\u00bb{}\u00bb custom_padding__hover=\u00bb|||\u00bb][et_pb_text admin_label=\u00bbTexto\u00bb _builder_version=\u00bb4.16&#8243; background_size=\u00bbinitial\u00bb background_position=\u00bbtop_left\u00bb background_repeat=\u00bbrepeat\u00bb use_border_color=\u00bboff\u00bb border_color=\u00bb#ffffff\u00bb border_style=\u00bbsolid\u00bb global_colors_info=\u00bb{}\u00bb]<\/p>\n<p>Adicionalmente, ofrecemos <strong>pel\u00edculas decorativas para vidrio<\/strong> dise\u00f1adas para todo tipo de ambientes residenciales y corporativos, y con una amplia variedad de dise\u00f1os. Los dise\u00f1os se pueden personalizar con sus colores corporativos.<\/p>\n<p>Nuestra cartera de productos tambi\u00e9n incluye <strong>envolturas arquitect\u00f3nicas<\/strong>, que se pueden aplicar a muchas superficies 2-D y 3-D, desde puertas met\u00e1licas de ascensor hasta superficies curvas. La instalaci\u00f3n es simple y r\u00e1pida, por lo que cualquier interrupci\u00f3n de la actividad habitual es m\u00ednima. La flexibilidad superior de las pel\u00edculas le permite alisarlas en superficies en \u00e1ngulo sin necesidad de equipos especiales o cortes. Ofrecemos una variedad de dise\u00f1os y colores.<\/p>\n<p>Para todos nuestros proyectos ofrecemos el <strong>servicio de instalaci\u00f3n<\/strong>. Podemos enviar nuestros productos a nivel nacional o mundial.<\/p>\n<p>[\/et_pb_text][\/et_pb_column][\/et_pb_row][\/et_pb_section]<\/p>\n","protected":false},"excerpt":{"rendered":"<p>ROLA es su mejor fuente de materiales decorativos para uso residencial y comercial. Nuestra amplia variedad de acabados y dise\u00f1os definitivamente lo ayudar\u00e1n a lograr el aspecto y la calidad deseados para su proyecto, sin importar cu\u00e1n particular sea. Trabajamos como contratista general, ofreciendo a nuestros clientes un servicio completo, que incluye la asesor\u00eda arquitect\u00f3nica, [&hellip;]<\/p>\n","protected":false},"author":1,"featured_media":0,"parent":0,"menu_order":3,"comment_status":"closed","ping_status":"closed","template":"","meta":{"_et_pb_use_builder":"on","_et_pb_old_content":"","_et_gb_content_width":"","footnotes":""},"class_list":["post-94","page","type-page","status-publish","hentry"],"_links":{"self":[{"href":"https:\/\/productosarquitectonicosrola.com\/es\/wp-json\/wp\/v2\/pages\/94","targetHints":{"allow":["GET"]}}],"collection":[{"href":"https:\/\/productosarquitectonicosrola.com\/es\/wp-json\/wp\/v2\/pages"}],"about":[{"href":"https:\/\/productosarquitectonicosrola.com\/es\/wp-json\/wp\/v2\/types\/page"}],"author":[{"embeddable":true,"href":"https:\/\/productosarquitectonicosrola.com\/es\/wp-json\/wp\/v2\/users\/1"}],"replies":[{"embeddable":true,"href":"https:\/\/productosarquitectonicosrola.com\/es\/wp-json\/wp\/v2\/comments?post=94"}],"version-history":[{"count":15,"href":"https:\/\/productosarquitectonicosrola.com\/es\/wp-json\/wp\/v2\/pages\/94\/revisions"}],"predecessor-version":[{"id":1273,"href":"https:\/\/productosarquitectonicosrola.com\/es\/wp-json\/wp\/v2\/pages\/94\/revisions\/1273"}],"wp:attachment":[{"href":"https:\/\/productosarquitectonicosrola.com\/es\/wp-json\/wp\/v2\/media?parent=94"}],"curies":[{"name":"wp","href":"https:\/\/api.w.org\/{rel}","templated":true}]}}